{"id":231,"date":"2026-02-25T08:39:14","date_gmt":"2026-02-25T07:39:14","guid":{"rendered":"https:\/\/www.farmaciaencordoba.es\/w\/?page_id=231"},"modified":"2026-02-25T08:39:14","modified_gmt":"2026-02-25T07:39:14","slug":"valores-2","status":"publish","type":"page","link":"https:\/\/www.farmaciaencordoba.es\/w\/valores-2\/","title":{"rendered":"Valores"},"content":{"rendered":"<p>Garantizar el mejor servicio, Para conseguirlo nuestra farmacia trabaja d\u00eda a d\u00eda con, confianza, cercan\u00eda, profesionalidad,\u00a0confidencialidad, honestidad, formaci\u00f3n continuada y trabajo en equipo.<\/p>\n","protected":false},"excerpt":{"rendered":"<p>Garantizar el mejor servicio, Para conseguirlo nuestra farmacia trabaja d\u00eda a d\u00eda con, confianza, cercan\u00eda, profesionalidad,\u00a0confidencialidad, honestidad, formaci\u00f3n continuada y trabajo en equipo.<\/p>\n","protected":false},"author":1,"featured_media":0,"parent":0,"menu_order":0,"comment_status":"closed","ping_status":"closed","template":"","meta":{"footnotes":""},"class_list":["post-231","page","type-page","status-publish","hentry"],"_links":{"self":[{"href":"https:\/\/www.farmaciaencordoba.es\/w\/wp-json\/wp\/v2\/pages\/231","targetHints":{"allow":["GET"]}}],"collection":[{"href":"https:\/\/www.farmaciaencordoba.es\/w\/wp-json\/wp\/v2\/pages"}],"about":[{"href":"https:\/\/www.farmaciaencordoba.es\/w\/wp-json\/wp\/v2\/types\/page"}],"author":[{"embeddable":true,"href":"https:\/\/www.farmaciaencordoba.es\/w\/wp-json\/wp\/v2\/users\/1"}],"replies":[{"embeddable":true,"href":"https:\/\/www.farmaciaencordoba.es\/w\/wp-json\/wp\/v2\/comments?post=231"}],"version-history":[{"count":1,"href":"https:\/\/www.farmaciaencordoba.es\/w\/wp-json\/wp\/v2\/pages\/231\/revisions"}],"predecessor-version":[{"id":232,"href":"https:\/\/www.farmaciaencordoba.es\/w\/wp-json\/wp\/v2\/pages\/231\/revisions\/232"}],"wp:attachment":[{"href":"https:\/\/www.farmaciaencordoba.es\/w\/wp-json\/wp\/v2\/media?parent=231"}],"curies":[{"name":"wp","href":"https:\/\/api.w.org\/{rel}","templated":true}]}}